{"id":99,"date":"2025-12-02T17:38:13","date_gmt":"2025-12-02T17:38:13","guid":{"rendered":"https:\/\/www.zahnarzt-albers.de\/?page_id=99"},"modified":"2026-04-01T06:53:21","modified_gmt":"2026-04-01T06:53:21","slug":"behandlungsspektrum","status":"publish","type":"page","link":"https:\/\/www.zahnarzt-albers.de\/?page_id=99","title":{"rendered":"Behandlungsspektrum"},"content":{"rendered":"\n<ul class=\"wp-block-list\">\n<li><strong>individuelles Recallsystem<\/strong><br>gerne erinnern wir Sie in regelm\u00e4\u00dfigen Abst\u00e4nden an Ihre Vorsorgetermine.<\/li>\n\n\n\n<li><strong>Individualprophylaxe f\u00fcr Kinder<\/strong><br>f\u00fcr unsere kleinen Patienten nehmen wir uns viel Zeit, um sie spielerisch an die zahn\u00e4rztliche Vorsorge heranzuf\u00fchren.<\/li>\n\n\n\n<li><strong>professionelle Zahnreinigung<\/strong><br>nicht nur die regelm\u00e4\u00dfige Vorsorge, sondern auch die professionelle Zahnreinigung im Rahmen unseres Prophylaxeangebots tragen zum Erhalt Ihrer Z\u00e4hne bei.<\/li>\n\n\n\n<li><strong>Bleaching<\/strong><br>durch Genussmittel wie Kaffee und Tee, aber auch durch Nikotin k\u00f6nnen die Z\u00e4hne mit der Zeit dunkler erscheinen. Unser professionell durchgef\u00fchrtes In-Office-Bleaching kann Ihre Z\u00e4hne wieder aufhellen ohne dabei die Zahnoberfl\u00e4che zu sch\u00e4digen.<\/li>\n\n\n\n<li><strong>hochwertige Kunststofff\u00fcllungen<\/strong><br>Dank unserer hochwertigen keramikverst\u00e4rkten Kunststoffe ist es uns m\u00f6glich, sie mit \u00e4sthetisch anspruchsvollen F\u00fcllungen, sowohl im sichtbaren, wie auch im unsichtbaren Bereich zu versorgen.<\/li>\n\n\n\n<li><strong>Parodontologie<\/strong><br>die Parodontits ist eine zunehmend h\u00e4ufiger vorkommende Erkrankung bei der die Z\u00e4hne, das Zahnfleisch und der Knochen betroffen sind. Unbehandelt kann es zu Zahnlockerungen und Zahnverlust f\u00fchren. Um das zu verhindern s\u00e4ubern wir die Zahnoberfl\u00e4che mit speziellen Instrumenten zur Entfernung von Bel\u00e4gen und Bakterien. Dies ist besonders wichtig, da die Parodontitis in Wechselwirkung mit anderen Allgemeinerkrankungen steht.<\/li>\n\n\n\n<li><strong>Wurzelkanalbehandlung<\/strong><br>diese Therapie erfolgt auf dem neusten Stand der Technik mit maschinell betriebenen Instrumenten, um die Behandlungsdauer zu verk\u00fcrzen und die Risiken zu minimieren.<\/li>\n\n\n\n<li><strong>hochwertiger Zahnersatz<\/strong><br>ob Inlays, Teilkronen, Krone, Br\u00fccken, herausnehmbare Prothesen oder implantatgetragene Versorgungen. In enger Zusammenarbeit mit unserem Zahnlabor versorgen wir Sie mit hochwertigem Zahnersatz nach h\u00f6chsten Standards.<\/li>\n\n\n\n<li><strong>Funktionstherapie<\/strong><br>durch n\u00e4chtelanges Z\u00e4hneknirschen und \/ oder -pressen k\u00f6nnen sowohl die Z\u00e4hne, als auch die Kiefergelenke Schaden nehmen. Mit der Herstellung von speziellen Schienen sind wir in der Lage, die Muskulatur zu entspannen und die Zahnsubstanz zu sch\u00fctzen.<br>Zudem k\u00f6nnen wir spezielle Schnarchschienen herstellen, um der Schlafapnoe entgegenzuwirken.<\/li>\n\n\n\n<li><strong>digitales R\u00f6ntgen<\/strong><br>unsere R\u00f6ntgenger\u00e4te sind auf dem neusten Stand der Technik. Dadurch wird die Strahlenbelastung deutlich reduziert. Die angefertigten Bilder sind detailgenauer und erm\u00f6glichen eine optimale Diagnose am Bildschirm.<br><br><br><br><\/li>\n<\/ul>\n","protected":false},"excerpt":{"rendered":"","protected":false},"author":1,"featured_media":0,"parent":0,"menu_order":0,"comment_status":"closed","ping_status":"closed","template":"","meta":{"_kad_post_transparent":"","_kad_post_title":"","_kad_post_layout":"","_kad_post_sidebar_id":"","_kad_post_content_style":"","_kad_post_vertical_padding":"","_kad_post_feature":"","_kad_post_feature_position":"","_kad_post_header":false,"_kad_post_footer":false,"_kad_post_classname":"","footnotes":""},"class_list":["post-99","page","type-page","status-publish","hentry"],"_links":{"self":[{"href":"https:\/\/www.zahnarzt-albers.de\/index.php?rest_route=\/wp\/v2\/pages\/99","targetHints":{"allow":["GET"]}}],"collection":[{"href":"https:\/\/www.zahnarzt-albers.de\/index.php?rest_route=\/wp\/v2\/pages"}],"about":[{"href":"https:\/\/www.zahnarzt-albers.de\/index.php?rest_route=\/wp\/v2\/types\/page"}],"author":[{"embeddable":true,"href":"https:\/\/www.zahnarzt-albers.de\/index.php?rest_route=\/wp\/v2\/users\/1"}],"replies":[{"embeddable":true,"href":"https:\/\/www.zahnarzt-albers.de\/index.php?rest_route=%2Fwp%2Fv2%2Fcomments&post=99"}],"version-history":[{"count":7,"href":"https:\/\/www.zahnarzt-albers.de\/index.php?rest_route=\/wp\/v2\/pages\/99\/revisions"}],"predecessor-version":[{"id":160,"href":"https:\/\/www.zahnarzt-albers.de\/index.php?rest_route=\/wp\/v2\/pages\/99\/revisions\/160"}],"wp:attachment":[{"href":"https:\/\/www.zahnarzt-albers.de\/index.php?rest_route=%2Fwp%2Fv2%2Fmedia&parent=99"}],"curies":[{"name":"wp","href":"https:\/\/api.w.org\/{rel}","templated":true}]}}